{"id":913,"date":"2020-03-11T17:20:29","date_gmt":"2020-03-11T17:20:29","guid":{"rendered":"https:\/\/lowcost-ristrutturazioni-poparti.it\/?page_id=913"},"modified":"2024-11-07T11:53:25","modified_gmt":"2024-11-07T11:53:25","slug":"cookie-policy","status":"publish","type":"page","link":"https:\/\/mernebi.it\/it\/cookie-policy\/","title":{"rendered":"Cookie Policy"},"content":{"rendered":"\t\t<div data-elementor-type=\"wp-page\" data-elementor-id=\"913\" class=\"elementor elementor-913\" data-elementor-settings=\"{&quot;ha_cmc_init_switcher&quot;:&quot;no&quot;}\" data-elementor-post-type=\"page\">\n\t\t\t\t\t\t<section class=\"elementor-section elementor-top-section elementor-element elementor-element-2c194e5 elementor-section-boxed elementor-section-height-default elementor-section-height-default\" data-id=\"2c194e5\" data-element_type=\"section\" data-settings=\"{&quot;_ha_eqh_enable&quot;:false}\">\n\t\t\t\t\t\t<div class=\"elementor-container elementor-column-gap-default\">\n\t\t\t\t\t<div class=\"elementor-column elementor-col-100 elementor-top-column elementor-element elementor-element-424f88dc\" data-id=\"424f88dc\" data-element_type=\"column\">\n\t\t\t<div class=\"elementor-widget-wrap elementor-element-populated\">\n\t\t\t\t\t\t<div class=\"elementor-element elementor-element-a87fda0 elementor-widget elementor-widget-heading\" data-id=\"a87fda0\" data-element_type=\"widget\" data-widget_type=\"heading.default\">\n\t\t\t\t<div class=\"elementor-widget-container\">\n\t\t\t\t\t<h2 class=\"elementor-heading-title elementor-size-default\">Cookie Policy<\/h2>\t\t\t\t<\/div>\n\t\t\t\t<\/div>\n\t\t\t\t<div class=\"elementor-element elementor-element-7021297d elementor-widget elementor-widget-text-editor\" data-id=\"7021297d\" data-element_type=\"widget\" data-widget_type=\"text-editor.default\">\n\t\t\t\t<div class=\"elementor-widget-container\">\n\t\t\t\t\t\t\t\t\t<div><div>Questa politica sui cookie spiega cosa sono i cookie e come li utilizziamo. \u00c8 necessario leggere questa politica per comprendere quali sono i cookie, come li utilizziamo, i tipi di cookie che utilizziamo, ovvero le informazioni che raccogliamo utilizzando i cookie e come vengono utilizzate tali informazioni e come controllare le preferenze dei cookie. Per ulteriori informazioni su come utilizziamo, archiviamo e proteggiamo i tuoi dati personali, consulta la nostra Informativa sulla privacy.<\/div><div>Puoi in qualsiasi momento modificare o revocare il tuo consenso dalla Dichiarazione sui cookie sul nostro sito Web.<\/div><div>Scopri di pi\u00f9 su chi siamo, come puoi contattarci e come trattiamo i dati personali nella nostra Informativa sulla privacy.<\/div><div>Il tuo consenso si applica ai seguenti domini: mernebi.it<\/div><\/div><div><div><strong><div class=\"cli_user_consent_state\">Il tuo stato attuale: Non \u00e8 stato concesso alcun consenso. <a class=\"cli_manage_current_consent\" style=\"cursor:pointer;text-decoration:underline;\">Gestisci il tuo consenso.<\/a> <\/div><\/strong><\/div><h3>Che cosa sono i cookies ?<\/h3><div>I cookie sono piccoli file di testo che vengono utilizzati per memorizzare piccole informazioni. I cookie vengono memorizzati sul vostro dispositivo quando il sito web viene caricato sul vostro browser. Questi cookie ci aiutano a far funzionare correttamente il sito web, a renderlo pi\u00f9 sicuro, a fornire una migliore esperienza utente e a capire come funziona il sito web e ad analizzare cosa funziona e dove deve essere migliorato.<\/div><h3>Come utilizziamo i cookie?<\/h3><div>Come la maggior parte dei servizi online, il nostro sito Web utilizza cookie proprietari e di terze parti per vari scopi. I cookie proprietari sono principalmente necessari per il corretto funzionamento del sito Web e non raccolgono alcun dato personale identificabile dall&#8217;utente.<\/div><div>I cookie di terze parti utilizzati sui nostri siti Web vengono utilizzati principalmente per comprendere le prestazioni del sito Web, come interagisci con il nostro sito Web, mantenendo i nostri servizi sicuri, fornendo annunci pubblicitari pertinenti per te e tutto sommato fornendoti un servizio migliore e migliorato esperienza utente e aiuto per accelerare le interazioni future con il nostro sito Web.<\/div><h3>Quali tipi di cookie utilizziamo?<\/h3><div>Essenziale: alcuni cookie sono essenziali per poter provare la piena funzionalit\u00e0 del nostro sito. Ci consentono di mantenere sessioni utente e prevenire eventuali minacce alla sicurezza. Non raccolgono n\u00e9 archiviano alcuna informazione personale. Ad esempio, questi cookie consentono di accedere al proprio account, aggiungere prodotti al carrello e effettuare il checkout in modo sicuro.Statistiche: questi cookie memorizzano informazioni come il numero di visitatori del sito Web, il numero di visitatori unici, quali pagine del sito Web sono state visitate, l&#8217;origine della visita, ecc. Questi dati ci aiutano a comprendere e analizzare il rendimento del sito Web e dove ha bisogno di miglioramenti.Marketing: il nostro sito Web visualizza annunci pubblicitari. Questi cookie vengono utilizzati per personalizzare gli annunci pubblicitari che ti mostriamo in modo che siano significativi per te. Questi cookie ci aiutano anche a tenere traccia dell&#8217;efficienza di queste campagne pubblicitarie.Le informazioni memorizzate in questi cookie possono anche essere utilizzate dai fornitori di annunci di terze parti per mostrarti annunci anche su altri siti Web sul browser.Funzionale: questi sono i cookie che aiutano alcune funzionalit\u00e0 non essenziali sul nostro sito Web. Queste funzionalit\u00e0 includono l&#8217;incorporamento di contenuti come video o la condivisione di contenuti sul sito Web su piattaforme di social media.Preferenze: questi cookie ci aiutano a memorizzare le tue impostazioni e le preferenze di navigazione come le preferenze della lingua in modo da avere un&#8217;esperienza migliore ed efficiente nelle visite future al sito web.<\/div><div>\u00a0<\/div><div>\u00a0<\/div><div><p>Nella tabella sottostante vengono mostrati i cookie utilizzati nel nostro sito Web.<\/p><table class=\"cookielawinfo-row-cat-table cookielawinfo-classic\"><thead><tr><th class=\"cookielawinfo-column-1\">Cookie<\/th><th class=\"cookielawinfo-column-4\">Descrizione<\/th><\/tr><\/thead><tbody><tr class=\"cookielawinfo-row\"><td class=\"cookielawinfo-column-1\">cookielawinfo-checkbox-necessary<\/td><td class=\"cookielawinfo-column-4\">Informativa sui Cookies<\/td><\/tr><tr class=\"cookielawinfo-row\"><td class=\"cookielawinfo-column-1\">HappyLocalTimeZone<\/td><td class=\"cookielawinfo-column-4\">GMT+0100 (Ora standard dell\u2019Europa centrale)<\/td><\/tr><\/tbody><\/table><\/div><h3>Come posso controllare le preferenze sui cookie?<\/h3><div>Se decidi di modificare le tue preferenze in un secondo momento durante la sessione di navigazione, puoi fare clic sulla scheda &#8220;Informativa sulla privacy e sui cookie&#8221; sullo schermo. Ci\u00f2 visualizzer\u00e0 nuovamente l&#8217;avviso di consenso che ti consentir\u00e0 di modificare le tue preferenze o revocare completamente il tuo consenso.Inoltre, diversi browser offrono metodi diversi per bloccare ed eliminare i cookie utilizzati dai siti Web. \u00c8 possibile modificare le impostazioni del browser per bloccare \/ eliminare i cookie. Per saperne di pi\u00f9 su come gestire ed eliminare i cookie, visitare\u00a0wikipedia.org, www.allaboutcookies.org.<\/div><div>\u00a0<\/div><\/div><div>\u00a0<\/div><div>\u00a0<\/div>\t\t\t\t\t\t\t\t<\/div>\n\t\t\t\t<\/div>\n\t\t\t\t\t<\/div>\n\t\t<\/div>\n\t\t\t\t\t<\/div>\n\t\t<\/section>\n\t\t\t\t<\/div>\n\t\t","protected":false},"excerpt":{"rendered":"<p>Cookie Policy Questa politica sui cookie spiega cosa sono i cookie e come li utilizziamo. \u00c8 necessario leggere questa politica per comprendere quali sono i cookie, come li utilizziamo, i tipi di cookie che utilizziamo, ovvero le informazioni che raccogliamo utilizzando i cookie e come vengono utilizzate tali informazioni e come controllare le preferenze dei [&hellip;]<\/p>\n","protected":false},"author":1,"featured_media":0,"parent":0,"menu_order":0,"comment_status":"closed","ping_status":"closed","template":"","meta":{"footnotes":""},"class_list":["post-913","page","type-page","status-publish","hentry"],"_links":{"self":[{"href":"https:\/\/mernebi.it\/it\/wp-json\/wp\/v2\/pages\/913","targetHints":{"allow":["GET"]}}],"collection":[{"href":"https:\/\/mernebi.it\/it\/wp-json\/wp\/v2\/pages"}],"about":[{"href":"https:\/\/mernebi.it\/it\/wp-json\/wp\/v2\/types\/page"}],"author":[{"embeddable":true,"href":"https:\/\/mernebi.it\/it\/wp-json\/wp\/v2\/users\/1"}],"replies":[{"embeddable":true,"href":"https:\/\/mernebi.it\/it\/wp-json\/wp\/v2\/comments?post=913"}],"version-history":[{"count":10,"href":"https:\/\/mernebi.it\/it\/wp-json\/wp\/v2\/pages\/913\/revisions"}],"predecessor-version":[{"id":1501,"href":"https:\/\/mernebi.it\/it\/wp-json\/wp\/v2\/pages\/913\/revisions\/1501"}],"wp:attachment":[{"href":"https:\/\/mernebi.it\/it\/wp-json\/wp\/v2\/media?parent=913"}],"curies":[{"name":"wp","href":"https:\/\/api.w.org\/{rel}","templated":true}]}}