{"id":913,"date":"2020-03-11T17:20:29","date_gmt":"2020-03-11T17:20:29","guid":{"rendered":"https:\/\/lowcost-ristrutturazioni-poparti.it\/?page_id=913"},"modified":"2024-11-07T11:53:25","modified_gmt":"2024-11-07T11:53:25","slug":"cookie-policy","status":"publish","type":"page","link":"https:\/\/mernebi.it\/fr\/cookie-policy\/","title":{"rendered":"Politique des cookies"},"content":{"rendered":"<div data-elementor-type=\"wp-page\" data-elementor-id=\"913\" class=\"elementor elementor-913\" data-elementor-settings=\"{&quot;ha_cmc_init_switcher&quot;:&quot;no&quot;}\" data-elementor-post-type=\"page\">\n\t\t\t\t\t\t<section class=\"elementor-section elementor-top-section elementor-element elementor-element-2c194e5 elementor-section-boxed elementor-section-height-default elementor-section-height-default\" data-id=\"2c194e5\" data-element_type=\"section\" data-settings=\"{&quot;_ha_eqh_enable&quot;:false}\">\n\t\t\t\t\t\t<div class=\"elementor-container elementor-column-gap-default\">\n\t\t\t\t\t<div class=\"elementor-column elementor-col-100 elementor-top-column elementor-element elementor-element-424f88dc\" data-id=\"424f88dc\" data-element_type=\"column\">\n\t\t\t<div class=\"elementor-widget-wrap elementor-element-populated\">\n\t\t\t\t\t\t<div class=\"elementor-element elementor-element-a87fda0 elementor-widget elementor-widget-heading\" data-id=\"a87fda0\" data-element_type=\"widget\" data-widget_type=\"heading.default\">\n\t\t\t\t<div class=\"elementor-widget-container\">\n\t\t\t\t\t<h2 class=\"elementor-heading-title elementor-size-default\">Politique des cookies<\/h2>\t\t\t\t<\/div>\n\t\t\t\t<\/div>\n\t\t\t\t<div class=\"elementor-element elementor-element-7021297d elementor-widget elementor-widget-text-editor\" data-id=\"7021297d\" data-element_type=\"widget\" data-widget_type=\"text-editor.default\">\n\t\t\t\t<div class=\"elementor-widget-container\">\n\t\t\t\t\t\t\t\t\t<div><div>Cette politique en mati\u00e8re de cookies explique ce que sont les cookies et comment nous les utilisons. Vous devez lire cette politique pour comprendre ce que sont les cookies, comment nous les utilisons, les types de cookies que nous utilisons, les informations que nous collectons \u00e0 l'aide des cookies et comment nous utilisons ces informations, et comment contr\u00f4ler les pr\u00e9f\u00e9rences des cookies. Pour plus d'informations sur la mani\u00e8re dont nous utilisons, stockons et prot\u00e9geons vos informations personnelles, veuillez consulter notre politique de confidentialit\u00e9.<\/div><div>Vous pouvez \u00e0 tout moment modifier ou retirer votre consentement \u00e0 la d\u00e9claration sur les cookies de notre site web.<\/div><div>Pour en savoir plus sur qui nous sommes, comment vous pouvez nous contacter et comment nous traitons les donn\u00e9es personnelles, consultez notre politique de confidentialit\u00e9.<\/div><div>Il tuo consenso si applica ai seguenti domini: mernebi.it<\/div><\/div><div><div><strong><div class=\"cli_user_consent_state\">Votre \u00e9tat actuel\u00a0: Aucun consentement donn\u00e9. <a class=\"cli_manage_current_consent\" style=\"cursor:pointer;text-decoration:underline;\">G\u00e9rez votre consentement.<\/a> <\/div><\/strong><\/div><h3>Que sont les cookies ?<\/h3><div>I cookie sono piccoli file di testo che vengono utilizzati per memorizzare piccole informazioni. I cookie vengono memorizzati sul vostro dispositivo quando il sito web viene caricato sul vostro browser. Questi cookie ci aiutano a far funzionare correttamente il sito web, a renderlo pi\u00f9 sicuro, a fornire una migliore esperienza utente e a capire come funziona il sito web e ad analizzare cosa funziona e dove deve essere migliorato.<\/div><h3>Comment utilisons-nous les cookies ?<\/h3><div>Comme la plupart des services en ligne, notre site web utilise des cookies propri\u00e9taires et tiers \u00e0 des fins diverses. Les cookies propri\u00e9taires sont principalement n\u00e9cessaires au bon fonctionnement du site web et ne recueillent aucune information permettant de vous identifier personnellement.<\/div><div>Les cookies tiers utilis\u00e9s sur nos sites web sont principalement utilis\u00e9s pour comprendre les performances du site web, la mani\u00e8re dont vous interagissez avec notre site web, la s\u00e9curit\u00e9 de nos services, la fourniture de publicit\u00e9s pertinentes pour vous et, dans l'ensemble, pour vous offrir un meilleur service et une meilleure exp\u00e9rience d'utilisateur et pour aider \u00e0 acc\u00e9l\u00e9rer les interactions futures avec notre site web.<\/div><h3>Quels types de cookies utilisons-nous ?<\/h3><div>Essentiel : certains cookies sont essentiels pour profiter de toutes les fonctionnalit\u00e9s de notre site. Ils nous permettent de maintenir les sessions des utilisateurs et de pr\u00e9venir les menaces \u00e0 la s\u00e9curit\u00e9. Ils ne recueillent ni ne conservent aucune information personnelle. Par exemple, ces cookies vous permettent de vous connecter \u00e0 votre compte, d'ajouter des produits \u00e0 votre panier et de les commander en toute s\u00e9curit\u00e9. Statistiques : ces cookies stockent des informations telles que le nombre de visiteurs du site web, le nombre de visiteurs uniques, les pages du site web qui ont \u00e9t\u00e9 visit\u00e9es, l'origine de la visite, etc. Ces donn\u00e9es nous aident \u00e0 comprendre et \u00e0 analyser les performances du site web et les points \u00e0 am\u00e9liorer. Marketing : notre site web affiche des publicit\u00e9s. Ces cookies sont utilis\u00e9s pour personnaliser les publicit\u00e9s que nous vous montrons afin qu'elles aient un sens pour vous. Les informations stock\u00e9es dans ces cookies peuvent \u00e9galement \u00eatre utilis\u00e9es par des fournisseurs de publicit\u00e9 tiers pour vous montrer des publicit\u00e9s sur d'autres sites web sur votre navigateur. Fonctionnels : ce sont les cookies qui permettent d'activer certaines fonctions non essentielles de notre site web. Ces fonctionnalit\u00e9s comprennent l'int\u00e9gration de contenus tels que des vid\u00e9os ou le partage de contenus sur le site web sur des plateformes de m\u00e9dias sociaux. Pr\u00e9f\u00e9rences : ces cookies nous aident \u00e0 stocker vos param\u00e8tres de navigation et vos pr\u00e9f\u00e9rences, telles que la langue, afin que vous puissiez profiter d'une exp\u00e9rience plus efficace lors de vos prochaines visites sur le site web.<\/div><div>\u00a0<\/div><div>\u00a0<\/div><div><p>Nella tabella sottostante vengono mostrati i cookie utilizzati nel nostro sito Web.<\/p><table class=\"cookielawinfo-row-cat-table cookielawinfo-classic\"><thead><tr><th class=\"cookielawinfo-column-1\">Cookie<\/th><th class=\"cookielawinfo-column-4\">Description<\/th><\/tr><\/thead><tbody><tr class=\"cookielawinfo-row\"><td class=\"cookielawinfo-column-1\">cookielawinfo-checkbox-necessary<\/td><td class=\"cookielawinfo-column-4\">Information sur les cookies<\/td><\/tr><tr class=\"cookielawinfo-row\"><td class=\"cookielawinfo-column-1\">HappyLocalTimeZone<\/td><td class=\"cookielawinfo-column-4\">GMT+0100 (Ora standard dell\u2019Europa centrale)<\/td><\/tr><\/tbody><\/table><\/div><h3>Comment puis-je v\u00e9rifier mes pr\u00e9f\u00e9rences en mati\u00e8re de cookies ?<\/h3><div>Se decidi di modificare le tue preferenze in un secondo momento durante la sessione di navigazione, puoi fare clic sulla scheda &#8220;Informativa sulla privacy e sui cookie&#8221; sullo schermo. Ci\u00f2 visualizzer\u00e0 nuovamente l&#8217;avviso di consenso che ti consentir\u00e0 di modificare le tue preferenze o revocare completamente il tuo consenso.Inoltre, diversi browser offrono metodi diversi per bloccare ed eliminare i cookie utilizzati dai siti Web. \u00c8 possibile modificare le impostazioni del browser per bloccare \/ eliminare i cookie. Per saperne di pi\u00f9 su come gestire ed eliminare i cookie, visitare\u00a0wikipedia.org, www.allaboutcookies.org.<\/div><div>\u00a0<\/div><\/div><div>\u00a0<\/div><div>\u00a0<\/div>\t\t\t\t\t\t\t\t<\/div>\n\t\t\t\t<\/div>\n\t\t\t\t\t<\/div>\n\t\t<\/div>\n\t\t\t\t\t<\/div>\n\t\t<\/section>\n\t\t\t\t<\/div>","protected":false},"excerpt":{"rendered":"<p>Cookie Policy Questa politica sui cookie spiega cosa sono i cookie e come li utilizziamo. \u00c8 necessario leggere questa politica per comprendere quali sono i cookie, come li utilizziamo, i tipi di cookie che utilizziamo, ovvero le informazioni che raccogliamo utilizzando i cookie e come vengono utilizzate tali informazioni e come controllare le preferenze dei [&hellip;]<\/p>","protected":false},"author":1,"featured_media":0,"parent":0,"menu_order":0,"comment_status":"closed","ping_status":"closed","template":"","meta":{"footnotes":""},"class_list":["post-913","page","type-page","status-publish","hentry"],"_links":{"self":[{"href":"https:\/\/mernebi.it\/fr\/wp-json\/wp\/v2\/pages\/913","targetHints":{"allow":["GET"]}}],"collection":[{"href":"https:\/\/mernebi.it\/fr\/wp-json\/wp\/v2\/pages"}],"about":[{"href":"https:\/\/mernebi.it\/fr\/wp-json\/wp\/v2\/types\/page"}],"author":[{"embeddable":true,"href":"https:\/\/mernebi.it\/fr\/wp-json\/wp\/v2\/users\/1"}],"replies":[{"embeddable":true,"href":"https:\/\/mernebi.it\/fr\/wp-json\/wp\/v2\/comments?post=913"}],"version-history":[{"count":10,"href":"https:\/\/mernebi.it\/fr\/wp-json\/wp\/v2\/pages\/913\/revisions"}],"predecessor-version":[{"id":1501,"href":"https:\/\/mernebi.it\/fr\/wp-json\/wp\/v2\/pages\/913\/revisions\/1501"}],"wp:attachment":[{"href":"https:\/\/mernebi.it\/fr\/wp-json\/wp\/v2\/media?parent=913"}],"curies":[{"name":"wp","href":"https:\/\/api.w.org\/{rel}","templated":true}]}}