{"id":913,"date":"2020-03-11T17:20:29","date_gmt":"2020-03-11T17:20:29","guid":{"rendered":"https:\/\/lowcost-ristrutturazioni-poparti.it\/?page_id=913"},"modified":"2024-11-07T11:53:25","modified_gmt":"2024-11-07T11:53:25","slug":"cookie-policy","status":"publish","type":"page","link":"https:\/\/mernebi.it\/de\/cookie-policy\/","title":{"rendered":"Cookie Policy"},"content":{"rendered":"<div data-elementor-type=\"wp-page\" data-elementor-id=\"913\" class=\"elementor elementor-913\" data-elementor-settings=\"{&quot;ha_cmc_init_switcher&quot;:&quot;no&quot;}\" data-elementor-post-type=\"page\">\n\t\t\t\t\t\t<section class=\"elementor-section elementor-top-section elementor-element elementor-element-2c194e5 elementor-section-boxed elementor-section-height-default elementor-section-height-default\" data-id=\"2c194e5\" data-element_type=\"section\" data-settings=\"{&quot;_ha_eqh_enable&quot;:false}\">\n\t\t\t\t\t\t<div class=\"elementor-container elementor-column-gap-default\">\n\t\t\t\t\t<div class=\"elementor-column elementor-col-100 elementor-top-column elementor-element elementor-element-424f88dc\" data-id=\"424f88dc\" data-element_type=\"column\">\n\t\t\t<div class=\"elementor-widget-wrap elementor-element-populated\">\n\t\t\t\t\t\t<div class=\"elementor-element elementor-element-a87fda0 elementor-widget elementor-widget-heading\" data-id=\"a87fda0\" data-element_type=\"widget\" data-widget_type=\"heading.default\">\n\t\t\t\t<div class=\"elementor-widget-container\">\n\t\t\t\t\t<h2 class=\"elementor-heading-title elementor-size-default\">Cookie Policy<\/h2>\t\t\t\t<\/div>\n\t\t\t\t<\/div>\n\t\t\t\t<div class=\"elementor-element elementor-element-7021297d elementor-widget elementor-widget-text-editor\" data-id=\"7021297d\" data-element_type=\"widget\" data-widget_type=\"text-editor.default\">\n\t\t\t\t<div class=\"elementor-widget-container\">\n\t\t\t\t\t\t\t\t\t<div><div>Diese Cookie-Richtlinie erkl\u00e4rt, was Cookies sind und wie wir sie verwenden. Sie sollten diese Richtlinie lesen, um zu verstehen, was Cookies sind, wie wir sie verwenden, welche Arten von Cookies wir verwenden, welche Informationen wir mit Hilfe von Cookies sammeln und wie wir diese Informationen nutzen und wie Sie die Cookie-Pr\u00e4ferenzen steuern k\u00f6nnen. Weitere Informationen dar\u00fcber, wie wir Ihre pers\u00f6nlichen Daten verwenden, speichern und sch\u00fctzen, finden Sie in unserer Datenschutzrichtlinie.<\/div><div>Sie k\u00f6nnen Ihre Zustimmung zur Cookie-Erkl\u00e4rung auf unserer Website jederzeit \u00e4ndern oder zur\u00fcckziehen.<\/div><div>Weitere Informationen dar\u00fcber, wer wir sind, wie Sie uns kontaktieren k\u00f6nnen und wie wir personenbezogene Daten verarbeiten, finden Sie in unserer Datenschutzrichtlinie.<\/div><div>Il tuo consenso si applica ai seguenti domini: mernebi.it<\/div><\/div><div><div><strong><div class=\"cli_user_consent_state\">Dein aktueller Status: Keine Einwilligung erteilt. <a class=\"cli_manage_current_consent\" style=\"cursor:pointer;text-decoration:underline;\">Verwalte deine Einwilligung<\/a> <\/div><\/strong><\/div><h3>Was sind Cookies?<\/h3><div>I cookie sono piccoli file di testo che vengono utilizzati per memorizzare piccole informazioni. I cookie vengono memorizzati sul vostro dispositivo quando il sito web viene caricato sul vostro browser. Questi cookie ci aiutano a far funzionare correttamente il sito web, a renderlo pi\u00f9 sicuro, a fornire una migliore esperienza utente e a capire come funziona il sito web e ad analizzare cosa funziona e dove deve essere migliorato.<\/div><h3>Wie verwenden wir Cookies?<\/h3><div>Wie die meisten Online-Dienste verwendet auch unsere Website propriet\u00e4re und Cookies von Dritten f\u00fcr verschiedene Zwecke. Propriet\u00e4re Cookies sind in erster Linie f\u00fcr das ordnungsgem\u00e4\u00dfe Funktionieren der Website erforderlich und sammeln keine pers\u00f6nlich identifizierbaren Informationen von Ihnen.<\/div><div>Die Drittanbieter-Cookies, die auf unseren Websites verwendet werden, dienen in erster Linie dazu, die Leistung der Website zu verstehen, zu verstehen, wie Sie mit unserer Website interagieren, unsere Dienste sicher zu halten, f\u00fcr Sie relevante Werbung bereitzustellen und alles in allem Ihnen einen besseren Service und eine verbesserte Benutzererfahrung zu bieten und dazu beizutragen, zuk\u00fcnftige Interaktionen mit unserer Website zu beschleunigen.<\/div><h3>Welche Arten von Cookies verwenden wir?<\/h3><div>Unverzichtbar: Einige Cookies sind unerl\u00e4sslich, um die volle Funktionalit\u00e4t unserer Website nutzen zu k\u00f6nnen. Sie erm\u00f6glichen es uns, Benutzersitzungen aufrechtzuerhalten und Sicherheitsbedrohungen zu verhindern. Sie sammeln und speichern keine pers\u00f6nlichen Informationen. Diese Cookies erm\u00f6glichen es Ihnen zum Beispiel, sich in Ihr Konto einzuloggen, Produkte in den Warenkorb zu legen und sicher auszuchecken. Statistik: Diese Cookies speichern Informationen wie die Anzahl der Besucher der Website, die Anzahl der einzelnen Besucher, welche Seiten der Website besucht wurden, die Herkunft des Besuchs usw. Diese Daten helfen uns, die Leistung der Website zu verstehen und zu analysieren und festzustellen, wo sie verbessert werden muss. Diese Cookies werden verwendet, um die Anzeigen, die wir Ihnen zeigen, so zu personalisieren, dass sie f\u00fcr Sie aussagekr\u00e4ftig sind. Die in diesen Cookies gespeicherten Informationen k\u00f6nnen auch von Drittanbietern von Anzeigen verwendet werden, um Ihnen Anzeigen auf anderen Websites in Ihrem Browser anzuzeigen. funktional: Dies sind die Cookies, die bestimmte nicht wesentliche Funktionen auf unserer Website unterst\u00fctzen. Zu diesen Funktionen geh\u00f6ren die Einbettung von Inhalten wie Videos oder die gemeinsame Nutzung von Inhalten auf der Website auf Social-Media-Plattformen. Pr\u00e4ferenzen: Diese Cookies helfen uns dabei, Ihre Browsing-Einstellungen und Pr\u00e4ferenzen wie z.B. Sprachpr\u00e4ferenzen zu speichern, damit Sie bei zuk\u00fcnftigen Besuchen der Website eine bessere und effizientere Erfahrung machen k\u00f6nnen.<\/div><div>\u00a0<\/div><div>\u00a0<\/div><div><p>Nella tabella sottostante vengono mostrati i cookie utilizzati nel nostro sito Web.<\/p><table class=\"cookielawinfo-row-cat-table cookielawinfo-classic\"><thead><tr><th class=\"cookielawinfo-column-1\">Cookie<\/th><th class=\"cookielawinfo-column-4\">Beschreibung<\/th><\/tr><\/thead><tbody><tr class=\"cookielawinfo-row\"><td class=\"cookielawinfo-column-1\">cookielawinfo-checkbox-necessary<\/td><td class=\"cookielawinfo-column-4\">Informationen zu Cookies<\/td><\/tr><tr class=\"cookielawinfo-row\"><td class=\"cookielawinfo-column-1\">HappyLocalTimeZone<\/td><td class=\"cookielawinfo-column-4\">GMT+0100 (Ora standard dell\u2019Europa centrale)<\/td><\/tr><\/tbody><\/table><\/div><h3>Wie kann ich meine Cookie-Einstellungen \u00fcberpr\u00fcfen?<\/h3><div>Se decidi di modificare le tue preferenze in un secondo momento durante la sessione di navigazione, puoi fare clic sulla scheda &#8220;Informativa sulla privacy e sui cookie&#8221; sullo schermo. Ci\u00f2 visualizzer\u00e0 nuovamente l&#8217;avviso di consenso che ti consentir\u00e0 di modificare le tue preferenze o revocare completamente il tuo consenso.Inoltre, diversi browser offrono metodi diversi per bloccare ed eliminare i cookie utilizzati dai siti Web. \u00c8 possibile modificare le impostazioni del browser per bloccare \/ eliminare i cookie. Per saperne di pi\u00f9 su come gestire ed eliminare i cookie, visitare\u00a0wikipedia.org, www.allaboutcookies.org.<\/div><div>\u00a0<\/div><\/div><div>\u00a0<\/div><div>\u00a0<\/div>\t\t\t\t\t\t\t\t<\/div>\n\t\t\t\t<\/div>\n\t\t\t\t\t<\/div>\n\t\t<\/div>\n\t\t\t\t\t<\/div>\n\t\t<\/section>\n\t\t\t\t<\/div>","protected":false},"excerpt":{"rendered":"<p>Cookie Policy Questa politica sui cookie spiega cosa sono i cookie e come li utilizziamo. \u00c8 necessario leggere questa politica per comprendere quali sono i cookie, come li utilizziamo, i tipi di cookie che utilizziamo, ovvero le informazioni che raccogliamo utilizzando i cookie e come vengono utilizzate tali informazioni e come controllare le preferenze dei [&hellip;]<\/p>","protected":false},"author":1,"featured_media":0,"parent":0,"menu_order":0,"comment_status":"closed","ping_status":"closed","template":"","meta":{"footnotes":""},"class_list":["post-913","page","type-page","status-publish","hentry"],"_links":{"self":[{"href":"https:\/\/mernebi.it\/de\/wp-json\/wp\/v2\/pages\/913","targetHints":{"allow":["GET"]}}],"collection":[{"href":"https:\/\/mernebi.it\/de\/wp-json\/wp\/v2\/pages"}],"about":[{"href":"https:\/\/mernebi.it\/de\/wp-json\/wp\/v2\/types\/page"}],"author":[{"embeddable":true,"href":"https:\/\/mernebi.it\/de\/wp-json\/wp\/v2\/users\/1"}],"replies":[{"embeddable":true,"href":"https:\/\/mernebi.it\/de\/wp-json\/wp\/v2\/comments?post=913"}],"version-history":[{"count":10,"href":"https:\/\/mernebi.it\/de\/wp-json\/wp\/v2\/pages\/913\/revisions"}],"predecessor-version":[{"id":1501,"href":"https:\/\/mernebi.it\/de\/wp-json\/wp\/v2\/pages\/913\/revisions\/1501"}],"wp:attachment":[{"href":"https:\/\/mernebi.it\/de\/wp-json\/wp\/v2\/media?parent=913"}],"curies":[{"name":"wp","href":"https:\/\/api.w.org\/{rel}","templated":true}]}}